{"id":17,"date":"2021-02-15T15:20:13","date_gmt":"2021-02-15T15:20:13","guid":{"rendered":"https:\/\/csfep.theleadshub.biz\/?page_id=17"},"modified":"2025-09-10T15:59:02","modified_gmt":"2025-09-10T15:59:02","slug":"home-page","status":"publish","type":"page","link":"https:\/\/csfep.com\/fr\/home-page\/","title":{"rendered":"ACCUEIL"},"content":{"rendered":"<div data-elementor-type=\"wp-page\" data-elementor-id=\"17\" class=\"elementor elementor-17\" data-elementor-post-type=\"page\">\n\t\t\t\t\t\t<section class=\"elementor-section elementor-top-section elementor-element elementor-element-6f59300 elementor-section-boxed elementor-section-height-default elementor-section-height-default\" data-id=\"6f59300\" data-element_type=\"section\" data-e-type=\"section\">\n\t\t\t\t\t\t<div class=\"elementor-container elementor-column-gap-default\">\n\t\t\t\t\t<div class=\"elementor-column elementor-col-100 elementor-top-column elementor-element elementor-element-45076f2\" data-id=\"45076f2\" data-element_type=\"column\" data-e-type=\"column\">\n\t\t\t<div class=\"elementor-widget-wrap elementor-element-populated\">\n\t\t\t\t\t\t<div class=\"elementor-element elementor-element-e67135b elementor-widget elementor-widget-text-editor\" data-id=\"e67135b\" data-element_type=\"widget\" data-e-type=\"widget\" data-widget_type=\"text-editor.default\">\n\t\t\t\t<div class=\"elementor-widget-container\">\n\t\t\t\t\t\t\t\t\t<div><strong><em>CSFEP EXCHANGES 2025-2026! <\/em><\/strong>Les espaces sont disponibles pour les groupes dans toutes les provinces du Canada<\/div><div>(<em><strong>(les demandes sont approuv\u00e9es sur une base du premier arriv\u00e9, premier servi).<\/strong><\/em>)<br \/><em><strong>#AppliquerMaintenant\u00catreAppari\u00e9s<\/strong><\/em><br \/><span style=\"text-decoration: underline;\"><em><strong>#NeManquezPasCetteOccasionUnique<\/strong><\/em><\/span><\/div>\t\t\t\t\t\t\t\t<\/div>\n\t\t\t\t<\/div>\n\t\t\t\t<div class=\"elementor-element elementor-element-7dd39aa elementor-widget elementor-widget-heading\" data-id=\"7dd39aa\" data-element_type=\"widget\" data-e-type=\"widget\" data-widget_type=\"heading.default\">\n\t\t\t\t<div class=\"elementor-widget-container\">\n\t\t\t\t\t<h2 class=\"elementor-heading-title elementor-size-default\">Voici comment les participants pr\u00e9c\u00e9dent partagent leurs exp\u00e9riences sur les \u00e9changes P.E.A.S.C.\n<\/h2>\t\t\t\t<\/div>\n\t\t\t\t<\/div>\n\t\t\t\t\t<\/div>\n\t\t<\/div>\n\t\t\t\t\t<\/div>\n\t\t<\/section>\n\t\t\t\t<\/div>","protected":false},"excerpt":{"rendered":"<p>&#8230;<\/p>","protected":false},"author":1,"featured_media":0,"parent":0,"menu_order":0,"comment_status":"closed","ping_status":"closed","template":"","meta":{"give_campaign_id":0,"footnotes":""},"class_list":["post-17","page","type-page","status-publish","hentry"],"blocksy_meta":{"styles_descriptor":{"styles":{"desktop":"","tablet":"","mobile":""},"google_fonts":[],"version":6}},"aioseo_notices":[],"campaignId":"","_links":{"self":[{"href":"https:\/\/csfep.com\/fr\/wp-json\/wp\/v2\/pages\/17","targetHints":{"allow":["GET"]}}],"collection":[{"href":"https:\/\/csfep.com\/fr\/wp-json\/wp\/v2\/pages"}],"about":[{"href":"https:\/\/csfep.com\/fr\/wp-json\/wp\/v2\/types\/page"}],"author":[{"embeddable":true,"href":"https:\/\/csfep.com\/fr\/wp-json\/wp\/v2\/users\/1"}],"replies":[{"embeddable":true,"href":"https:\/\/csfep.com\/fr\/wp-json\/wp\/v2\/comments?post=17"}],"version-history":[{"count":18,"href":"https:\/\/csfep.com\/fr\/wp-json\/wp\/v2\/pages\/17\/revisions"}],"predecessor-version":[{"id":2102,"href":"https:\/\/csfep.com\/fr\/wp-json\/wp\/v2\/pages\/17\/revisions\/2102"}],"wp:attachment":[{"href":"https:\/\/csfep.com\/fr\/wp-json\/wp\/v2\/media?parent=17"}],"curies":[{"name":"wp","href":"https:\/\/api.w.org\/{rel}","templated":true}]}}