{"id":696,"date":"2021-02-15T16:26:52","date_gmt":"2021-02-15T16:26:52","guid":{"rendered":"https:\/\/csfep.theleadshub.biz\/?page_id=696"},"modified":"2021-03-22T19:28:24","modified_gmt":"2021-03-22T19:28:24","slug":"donate","status":"publish","type":"page","link":"https:\/\/csfep.com\/fr\/donate\/","title":{"rendered":"DONNER"},"content":{"rendered":"<div data-elementor-type=\"wp-page\" data-elementor-id=\"696\" class=\"elementor elementor-696\" data-elementor-post-type=\"page\">\n\t\t\t\t\t\t<section class=\"elementor-section elementor-top-section elementor-element elementor-element-1e3e4657 ct-section-stretched elementor-section-boxed elementor-section-height-default elementor-section-height-default\" data-id=\"1e3e4657\" data-element_type=\"section\" data-e-type=\"section\" data-settings=\"{&quot;background_background&quot;:&quot;classic&quot;}\">\n\t\t\t\t\t\t\t<div class=\"elementor-background-overlay\"><\/div>\n\t\t\t\t\t\t\t<div class=\"elementor-container elementor-column-gap-default\">\n\t\t\t\t\t<div class=\"elementor-column elementor-col-100 elementor-top-column elementor-element elementor-element-12c082e7\" data-id=\"12c082e7\" data-element_type=\"column\" data-e-type=\"column\">\n\t\t\t<div class=\"elementor-widget-wrap elementor-element-populated\">\n\t\t\t\t\t\t<div class=\"elementor-element elementor-element-6745c157 elementor-widget elementor-widget-heading\" data-id=\"6745c157\" data-element_type=\"widget\" data-e-type=\"widget\" data-widget_type=\"heading.default\">\n\t\t\t\t<div class=\"elementor-widget-container\">\n\t\t\t\t\t<h2 class=\"elementor-heading-title elementor-size-default\">Dons et Parrainage<\/h2>\t\t\t\t<\/div>\n\t\t\t\t<\/div>\n\t\t\t\t<div class=\"elementor-element elementor-element-5a6546dc elementor-widget elementor-widget-text-editor\" data-id=\"5a6546dc\" data-element_type=\"widget\" data-e-type=\"widget\" data-widget_type=\"text-editor.default\">\n\t\t\t\t<div class=\"elementor-widget-container\">\n\t\t\t\t\t\t\t\t\t<div class=\"description\"><p>Vous pouvez faire un don suffisant pour b\u00e9n\u00e9ficier d'une exp\u00e9rience d'\u00e9change enti\u00e8rement organis\u00e9e, comprenant des activit\u00e9s avant, pendant et apr\u00e8s l'\u00e9change.<\/p><\/div>\t\t\t\t\t\t\t\t<\/div>\n\t\t\t\t<\/div>\n\t\t\t\t<section class=\"elementor-section elementor-inner-section elementor-element elementor-element-d806329 elementor-section-boxed elementor-section-height-default elementor-section-height-default\" data-id=\"d806329\" data-element_type=\"section\" data-e-type=\"section\">\n\t\t\t\t\t\t<div class=\"elementor-container elementor-column-gap-default\">\n\t\t\t\t\t<div class=\"elementor-column elementor-col-50 elementor-inner-column elementor-element elementor-element-c868887\" data-id=\"c868887\" data-element_type=\"column\" data-e-type=\"column\">\n\t\t\t<div class=\"elementor-widget-wrap elementor-element-populated\">\n\t\t\t\t\t\t<div class=\"elementor-element elementor-element-c87941b elementor-widget elementor-widget-image\" data-id=\"c87941b\" data-element_type=\"widget\" data-e-type=\"widget\" data-widget_type=\"image.default\">\n\t\t\t\t<div class=\"elementor-widget-container\">\n\t\t\t\t\t\t\t\t\t\t\t\t\t\t\t<img fetchpriority=\"high\" decoding=\"async\" width=\"960\" height=\"635\" src=\"https:\/\/csfep.com\/wp-content\/uploads\/2021\/03\/cyprus-lake-ontario.jpg\" class=\"attachment-large size-large wp-image-1141\" alt=\"\" srcset=\"https:\/\/csfep.com\/wp-content\/uploads\/2021\/03\/cyprus-lake-ontario.jpg 960w, https:\/\/csfep.com\/wp-content\/uploads\/2021\/03\/cyprus-lake-ontario-300x198.jpg 300w, https:\/\/csfep.com\/wp-content\/uploads\/2021\/03\/cyprus-lake-ontario-768x508.jpg 768w, https:\/\/csfep.com\/wp-content\/uploads\/2021\/03\/cyprus-lake-ontario-16x12.jpg 16w\" sizes=\"(max-width: 960px) 100vw, 960px\" \/>\t\t\t\t\t\t\t\t\t\t\t\t\t\t\t<\/div>\n\t\t\t\t<\/div>\n\t\t\t\t<div class=\"elementor-element elementor-element-d2a1822 elementor-widget elementor-widget-image\" data-id=\"d2a1822\" data-element_type=\"widget\" data-e-type=\"widget\" data-widget_type=\"image.default\">\n\t\t\t\t<div class=\"elementor-widget-container\">\n\t\t\t\t\t\t\t\t\t\t\t\t\t\t\t<img decoding=\"async\" width=\"750\" height=\"1000\" src=\"https:\/\/csfep.com\/wp-content\/uploads\/2021\/03\/the-base-of-some-fall-in-Squamish-near-the-gondola1.jpg\" class=\"attachment-large size-large wp-image-1357\" alt=\"\" srcset=\"https:\/\/csfep.com\/wp-content\/uploads\/2021\/03\/the-base-of-some-fall-in-Squamish-near-the-gondola1.jpg 750w, https:\/\/csfep.com\/wp-content\/uploads\/2021\/03\/the-base-of-some-fall-in-Squamish-near-the-gondola1-225x300.jpg 225w, https:\/\/csfep.com\/wp-content\/uploads\/2021\/03\/the-base-of-some-fall-in-Squamish-near-the-gondola1-9x12.jpg 9w\" sizes=\"(max-width: 750px) 100vw, 750px\" \/>\t\t\t\t\t\t\t\t\t\t\t\t\t\t\t<\/div>\n\t\t\t\t<\/div>\n\t\t\t\t\t<\/div>\n\t\t<\/div>\n\t\t\t\t<div class=\"elementor-column elementor-col-50 elementor-inner-column elementor-element elementor-element-b32b034\" data-id=\"b32b034\" data-element_type=\"column\" data-e-type=\"column\" data-settings=\"{&quot;background_background&quot;:&quot;classic&quot;}\">\n\t\t\t<div class=\"elementor-widget-wrap elementor-element-populated\">\n\t\t\t\t\t\t<div class=\"elementor-element elementor-element-1438662 elementor-widget elementor-widget-wp-widget-give_forms_widget\" data-id=\"1438662\" data-element_type=\"widget\" data-e-type=\"widget\" data-widget_type=\"wp-widget-give_forms_widget.default\">\n\t\t\t\t<div class=\"elementor-widget-container\">\n\t\t\t\t\t\t<div id=\"give-form-1608-wrap\" class=\"give-form-wrap give-display-onpage\">\n\t\t<div id=\"give-form-content-1608\" class=\"give-form-content-wrap give_pre_form-content\"><p>Quel montant souhaitez-vous donner ? En tant que donateur du PEASC, nous veillons \u00e0 ce que votre don serve directement \u00e0 soutenir notre cause.<\/p>\n<p>Merci pour votre g\u00e9n\u00e9rosit\u00e9 !<\/p>\n<p><strong>Choisissez le montant:<\/strong><\/p>\n<\/div>\t\t\t<form id=\"give-form-1608-1\" class=\"give-form give-form-1608 give-form-type-multi\" action=\"https:\/\/csfep.com\/fr\/wp-json\/wp\/v2\/pages\/696\/?payment-mode=offline&#038;form-id=1608\" data-id=\"1608-1\" data-currency_symbol=\"&#36;\" data-currency_code=\"CAD\" data-currency_position=\"before\" data-thousands_separator=\",\" data-decimal_separator=\".\" data-number_decimals=\"2\" method=\"post\" data-trp-original-action=\"https:\/\/csfep.com\/fr\/wp-json\/wp\/v2\/pages\/696\/?payment-mode=offline&form-id=1608\">\n\t\t\t\t<!-- The following field is for robots only, invisible to humans: -->\n\t\t\t\t<span class=\"give-hidden\" style=\"display: none !important;\">\n\t\t\t\t\t<label for=\"give-form-honeypot-1608\"><\/label>\n\t\t\t\t\t<input id=\"give-form-honeypot-1608\" type=\"text\" name=\"give-honeypot\"\n\t\t\t\t\t\t   class=\"give-honeypot give-hidden\"\/>\n\t\t\t\t<\/span>\n\n\t\t\t\t\t<input type=\"hidden\" name=\"give-form-id-prefix\" value=\"1608-1\"\/>\n\t<input type=\"hidden\" name=\"give-form-id\" value=\"1608\"\/>\n\t<input type=\"hidden\" name=\"give-form-title\" value=\"Sponsor a CSFEP Youth Group Exchange\"\/>\n\t<input type=\"hidden\" name=\"give-current-url\" value=\"https:\/\/csfep.com\/fr\/wp-json\/wp\/v2\/pages\/696\/\"\/>\n\t<input type=\"hidden\" name=\"give-form-url\" value=\"https:\/\/csfep.com\/fr\/wp-json\/wp\/v2\/pages\/696\/\"\/>\n\t<input type=\"hidden\"  name=\"give-form-hash\" value=\"39347e58fb\" data-time=\"1775601414\" data-nonce-life=\"86400\" data-donor-session=\"0\"\/><input type=\"hidden\" name=\"give-price-id\" value=\"3\"\/>\t\t<label class=\"give-hidden\" for=\"give-amount\">Montant du don :<\/label>\n\t\t<input id=\"give-amount\" class=\"give-amount-hidden\" type=\"hidden\" name=\"give-amount\"\n\t\t\t   value=\"650.00\" required aria-required=\"true\"\/>\n\t\t<div class=\"set-price give-donation-amount form-row-wide\">\n\t\t\t<span class=\"give-currency-symbol give-currency-position-before\">&#036;<\/span>\t\t\t<span id=\"give-amount-text\" class=\"give-text-input give-amount-top\">650.00<\/span>\n\t\t\t\t\t<\/div>\n\t\t<ul id=\"give-donation-level-radio-list\" class=\"give-donation-levels-wrap\"><li><input type=\"radio\" data-price-id=\"0\" class=\"give-radio-input give-radio-input-level give-radio-level-0\" value=\"10.00\" name=\"give-radio-donation-level\" id=\"give-radio-level-0\"  data-default=\"0\"><label for=\"give-radio-level-0\">$10.00 Ajoutez \u00e0 la collecte de fonds pour la participation d'un enfant.<\/label><\/li><li><input type=\"radio\" data-price-id=\"1\" class=\"give-radio-input give-radio-input-level give-radio-level-1\" value=\"25.00\" name=\"give-radio-donation-level\" id=\"give-radio-level-1\"  data-default=\"0\"><label for=\"give-radio-level-1\">$25.00 Ce don aidera les enfants de plusieurs fa\u00e7ons.<\/label><\/li><li><input type=\"radio\" data-price-id=\"2\" class=\"give-radio-input give-radio-input-level give-radio-level-2\" value=\"50.00\" name=\"give-radio-donation-level\" id=\"give-radio-level-2\"  data-default=\"0\"><label for=\"give-radio-level-2\">$50.00 Aide nos enfants \u00e0 se faire de nouveaux amis<\/label><\/li><li><input type=\"radio\" data-price-id=\"3\" class=\"give-radio-input give-radio-input-level give-radio-level-3 give-default-level\" value=\"650.00\" name=\"give-radio-donation-level\" id=\"give-radio-level-3\" checked=\"checked\" data-default=\"1\"><label for=\"give-radio-level-3\">$650.00 This pays for 1 child&#039;s complete registration<\/label><\/li><li><input type=\"radio\" data-price-id=\"5\" class=\"give-radio-input give-radio-input-level give-radio-level-5\" value=\"6,500.00\" name=\"give-radio-donation-level\" id=\"give-radio-level-5\"  data-default=\"0\"><label for=\"give-radio-level-5\">$6500.00 Permet \u00e0 10 enfants de participer en tant que groupe.<\/label><\/li><\/ul>\n\t<fieldset id=\"give-payment-mode-select\">\n\t\t\t\t<legend\n\t\t\tclass=\"give-payment-mode-label\">S\u00e9lectionnez la m\u00e9thode de paiement\t\t\t<span class=\"give-loading-text\"><span\n\t\t\t\t\tclass=\"give-loading-animation\"><\/span>\n\t\t\t<\/span>\n\t\t<\/legend>\n\n\t\t<div id=\"give-payment-mode-wrap\">\n\t\t\t\t\t\t<ul id=\"give-gateway-radio-list\">\n\t\t\t\t\t\t\t\t\t\t<li class=\"give-gateway-option-selected\">\n\t\t\t\t\t\t\t<input type=\"radio\" name=\"payment-mode\" class=\"give-gateway\"\n\t\t\t\t\t\t\t\t   id=\"give-gateway-offline-1608-1\"\n\t\t\t\t\t\t\t\t   value=\"offline\" checked='checked'>\n\t\t\t\t\t\t\t<label for=\"give-gateway-offline-1608-1\"\n\t\t\t\t\t\t\t\t   class=\"give-gateway-option\"\n\t\t\t\t\t\t\t\t   id=\"give-gateway-option-offline\"> Don hors ligne<\/label>\n\t\t\t\t\t\t<\/li>\n\t\t\t\t\t\t\t\t\t\t\t\t<li>\n\t\t\t\t\t\t\t<input type=\"radio\" name=\"payment-mode\" class=\"give-gateway\"\n\t\t\t\t\t\t\t\t   id=\"give-gateway-paypal-1608-1\"\n\t\t\t\t\t\t\t\t   value=\"paypal\">\n\t\t\t\t\t\t\t<label for=\"give-gateway-paypal-1608-1\"\n\t\t\t\t\t\t\t\t   class=\"give-gateway-option\"\n\t\t\t\t\t\t\t\t   id=\"give-gateway-option-paypal\"> Faire un don avec PayPal<\/label>\n\t\t\t\t\t\t<\/li>\n\t\t\t\t\t\t\t\t\t<\/ul>\n\t\t\t\t\t<\/div>\n\t\t\t<\/fieldset>\n\n\t\n\t<div id=\"give_purchase_form_wrap\">\n\n\t\t\t<fieldset id=\"give_checkout_user_info\" class=\"\">\n\t\t<legend>\n\t\t\tInformation personnelle\t\t<\/legend>\n\n\t\t\n        <p id=\"give-first-name-wrap\" class=\"form-row form-row-first form-row-responsive\">\n            <label class=\"give-label\" for=\"give-first\">\n                Pr\u00e9nom                                    <span class=\"give-required-indicator\">*<\/span>\n                                <span class=\"give-tooltip hint--top hint--medium hint--bounce\" aria-label=\"Le pr\u00e9nom est utilis\u00e9 pour personnaliser votre don.\" rel=\"tooltip\"><i class=\"give-icon give-icon-question\"><\/i><\/span>            <\/label>\n            <input\n                class=\"give-input required\"\n                type=\"text\"\n                name=\"give_first\"\n                autocomplete=\"given-name\"\n                placeholder=\"Pr\u00e9nom\"\n                id=\"give-first\"\n                value=\"\"\n                 required aria-required=\"true\"             \/>\n        <\/p>\n\n        <p id=\"give-last-name-wrap\" class=\"form-row form-row-last form-row-responsive\">\n            <label class=\"give-label\" for=\"give-last\">\n                Nom                                <span class=\"give-tooltip hint--top hint--medium hint--bounce\" aria-label=\"Le nom est utilis\u00e9 pour personnaliser votre don.\" rel=\"tooltip\"><i class=\"give-icon give-icon-question\"><\/i><\/span>            <\/label>\n\n            <input\n                class=\"give-input\"\n                type=\"text\"\n                name=\"give_last\"\n                autocomplete=\"family-name\"\n                id=\"give-last\"\n                placeholder=\"Nom\"\n                value=\"\"\n                            \/>\n        <\/p>\n\n        \n                <p id=\"give-email-wrap\" class=\"form-row form-row-wide\">\n            <label class=\"give-label\" for=\"give-email\">\n                Adresse courriel                                    <span class=\"give-required-indicator\">*<\/span>\n                                    <span class=\"give-tooltip hint--top hint--medium hint--bounce\" aria-label=\"Le re\u00e7u de donation sera envoy\u00e9 \u00e0 cette adresse.\" rel=\"tooltip\"><i class=\"give-icon give-icon-question\"><\/i><\/span>            <\/label>\n            <input\n                class=\"give-input required\"\n                type=\"email\"\n                name=\"give_email\"\n                autocomplete=\"email\"\n                placeholder=\"Adresse courriel\"\n                id=\"give-email\"\n                value=\"\"\n                 required aria-required=\"true\"             \/>\n\n        <\/p>\n\n        \n\t\t\t\t\t<\/fieldset>\n\t<fieldset class='no-fields' id='give_offline_payment_info'>\n                <p>Pour faire un don hors ligne pour cette cause, suivez ces \u00e9tapes :<\/p>\n<ol>\n<li>R\u00e9digez un ch\u00e8que \u00e0 l'ordre du \"PEASC\".<\/li>\n<li>Sur la ligne m\u00e9mo du ch\u00e8que, indiquez que le don est destin\u00e9 au \"PEASC\".<\/li>\n<li>Postez votre ch\u00e8que \u00e0 l'adresse suivante<\/li>\n<\/ol>\n<p><strong>PEASC<\/strong><br \/>\n<em>5555 Westminster - Suite 209<\/em><br \/>\n<em>Cote St-Luc, Quebec H4W 2J2<\/em><\/p>\n<p>Votre don d\u00e9ductible des imp\u00f4ts est tr\u00e8s appr\u00e9ci\u00e9 !<\/p>\n\n            <\/fieldset>\t<fieldset id=\"give_purchase_submit\" class=\"give-donation-submit\">\n\t\t\t<p id=\"give-final-total-wrap\" class=\"form-wrap\">\n\t\t\t\t<span class=\"give-donation-total-label\">\n\t\t\tTotal du don :\t\t<\/span>\n\t\t<span class=\"give-final-total-amount\"\n\t\t\t  data-total=\"650.00\">\n\t\t\t&#36;650.00\t\t<\/span>\n\t\t\t<\/p>\n\t\t<input type=\"hidden\" name=\"give_action\" value=\"purchase\"\/>\n\t<input type=\"hidden\" name=\"give-gateway\" value=\"offline\"\/>\n\t\t<div class=\"give-submit-button-wrap give-clearfix\">\n\t\t<input type=\"submit\" class=\"give-submit give-btn\" id=\"give-purchase-button\" name=\"give-purchase\"\n\t\t\t   value=\"Faites un don maintenant\" data-before-validation-label=\"Donate Now\"\/>\n\t\t<span class=\"give-loading-animation\"><\/span>\n\t<\/div>\n\t\t<\/fieldset>\n\t\n\t<\/div>\n\n\t\t\t\t<input type=\"hidden\" name=\"trp-form-language\" value=\"fr\"\/><\/form>\n\n\t\t\t\n\t<\/div><!--end #give-form-1608-->\n\t\t\t\t\t<\/div>\n\t\t\t\t<\/div>\n\t\t\t\t\t<\/div>\n\t\t<\/div>\n\t\t\t\t\t<\/div>\n\t\t<\/section>\n\t\t\t\t\t<\/div>\n\t\t<\/div>\n\t\t\t\t\t<\/div>\n\t\t<\/section>\n\t\t\t\t<\/div>","protected":false},"excerpt":{"rendered":"<p>Donations &amp; Sponsorship You can donate enough to get a fully organized exchange experience, including activities before, during and after exchange.<\/p>","protected":false},"author":1,"featured_media":0,"parent":0,"menu_order":0,"comment_status":"closed","ping_status":"closed","template":"elementor_header_footer","meta":{"give_campaign_id":0,"footnotes":""},"class_list":["post-696","page","type-page","status-publish","hentry"],"blocksy_meta":{"styles_descriptor":{"styles":{"desktop":"","tablet":"","mobile":""},"google_fonts":[],"version":6}},"aioseo_notices":[],"campaignId":"","_links":{"self":[{"href":"https:\/\/csfep.com\/fr\/wp-json\/wp\/v2\/pages\/696","targetHints":{"allow":["GET"]}}],"collection":[{"href":"https:\/\/csfep.com\/fr\/wp-json\/wp\/v2\/pages"}],"about":[{"href":"https:\/\/csfep.com\/fr\/wp-json\/wp\/v2\/types\/page"}],"author":[{"embeddable":true,"href":"https:\/\/csfep.com\/fr\/wp-json\/wp\/v2\/users\/1"}],"replies":[{"embeddable":true,"href":"https:\/\/csfep.com\/fr\/wp-json\/wp\/v2\/comments?post=696"}],"version-history":[{"count":0,"href":"https:\/\/csfep.com\/fr\/wp-json\/wp\/v2\/pages\/696\/revisions"}],"wp:attachment":[{"href":"https:\/\/csfep.com\/fr\/wp-json\/wp\/v2\/media?parent=696"}],"curies":[{"name":"wp","href":"https:\/\/api.w.org\/{rel}","templated":true}]}}